{"id":2891,"date":"2026-03-10T13:36:13","date_gmt":"2026-03-10T11:36:13","guid":{"rendered":"https:\/\/autolink.ee\/?page_id=2891"},"modified":"2026-03-10T16:40:49","modified_gmt":"2026-03-10T14:40:49","slug":"privaatsuspoliitika","status":"publish","type":"page","link":"https:\/\/autolink.ee\/et\/privaatsuspoliitika\/","title":{"rendered":"Privaatsuspoliitika"},"content":{"rendered":"\t\t<div data-elementor-type=\"wp-page\" data-elementor-id=\"2891\" class=\"elementor elementor-2891 elementor-2854\" data-elementor-post-type=\"page\">\n\t\t\t\t\t\t<section data-particle_enable=\"false\" data-particle-mobile-disabled=\"false\" class=\"elementor-section elementor-top-section elementor-element elementor-element-76465ce5 elementor-section-height-min-height elementor-section-items-bottom elementor-section-stretched elementor-section-boxed elementor-section-height-default\" data-id=\"76465ce5\" data-element_type=\"section\" data-e-type=\"section\" data-settings=\"{&quot;stretch_section&quot;:&quot;section-stretched&quot;,&quot;background_background&quot;:&quot;classic&quot;}\">\n\t\t\t\t\t\t\t<div class=\"elementor-background-overlay\"><\/div>\n\t\t\t\t\t\t\t<div class=\"elementor-container elementor-column-gap-wider\">\n\t\t\t\t\t<div class=\"elementor-column elementor-col-100 elementor-top-column elementor-element elementor-element-7aa8bb9a\" data-id=\"7aa8bb9a\" data-element_type=\"column\" data-e-type=\"column\">\n\t\t\t<div class=\"elementor-widget-wrap elementor-element-populated\">\n\t\t\t\t\t\t<section data-particle_enable=\"false\" data-particle-mobile-disabled=\"false\" class=\"elementor-section elementor-inner-section elementor-element elementor-element-41566fd2 elementor-section-boxed elementor-section-height-default elementor-section-height-default\" data-id=\"41566fd2\" data-element_type=\"section\" data-e-type=\"section\">\n\t\t\t\t\t\t<div class=\"elementor-container elementor-column-gap-default\">\n\t\t\t\t\t<div class=\"elementor-column elementor-col-100 elementor-inner-column elementor-element elementor-element-7b955ec8\" data-id=\"7b955ec8\" data-element_type=\"column\" data-e-type=\"column\">\n\t\t\t<div class=\"elementor-widget-wrap elementor-element-populated\">\n\t\t\t\t\t\t<div class=\"elementor-element elementor-element-37771cd elementor-widget elementor-widget-heading\" data-id=\"37771cd\" data-element_type=\"widget\" data-e-type=\"widget\" data-widget_type=\"heading.default\">\n\t\t\t\t<div class=\"elementor-widget-container\">\n\t\t\t\t\t<h2 class=\"elementor-heading-title elementor-size-default\">Privaatsuspoliitika<\/h2>\t\t\t\t<\/div>\n\t\t\t\t<\/div>\n\t\t\t\t\t<\/div>\n\t\t<\/div>\n\t\t\t\t\t<\/div>\n\t\t<\/section>\n\t\t\t\t\t<\/div>\n\t\t<\/div>\n\t\t\t\t\t<\/div>\n\t\t<\/section>\n\t\t<div data-particle_enable=\"false\" data-particle-mobile-disabled=\"false\" class=\"elementor-element elementor-element-aac8405 e-flex e-con-boxed e-con e-parent\" data-id=\"aac8405\" data-element_type=\"container\" data-e-type=\"container\">\n\t\t\t\t\t<div class=\"e-con-inner\">\n\t\t<div data-particle_enable=\"false\" data-particle-mobile-disabled=\"false\" class=\"elementor-element elementor-element-382ac99 e-con-full e-flex e-con e-child\" data-id=\"382ac99\" data-element_type=\"container\" data-e-type=\"container\">\n\t\t\t\t<div class=\"elementor-element elementor-element-fd7db7f elementor-widget elementor-widget-heading\" data-id=\"fd7db7f\" data-element_type=\"widget\" data-e-type=\"widget\" data-widget_type=\"heading.default\">\n\t\t\t\t<div class=\"elementor-widget-container\">\n\t\t\t\t\t<h2 class=\"elementor-heading-title elementor-size-default\">Kasutame k\u00fcpsiseid, et muuta meie veebisaidi kasutamine mugavamaks ja sujuvamaks.<\/h2>\t\t\t\t<\/div>\n\t\t\t\t<\/div>\n\t\t\t\t<\/div>\n\t\t\t\t\t<\/div>\n\t\t\t\t<\/div>\n\t\t<div data-particle_enable=\"false\" data-particle-mobile-disabled=\"false\" class=\"elementor-element elementor-element-cd0301f e-flex e-con-boxed e-con e-parent\" data-id=\"cd0301f\" data-element_type=\"container\" data-e-type=\"container\">\n\t\t\t\t\t<div class=\"e-con-inner\">\n\t\t\t\t<div class=\"elementor-element elementor-element-08a8f13 elementor-widget elementor-widget-text-editor\" data-id=\"08a8f13\" data-element_type=\"widget\" data-e-type=\"widget\" data-widget_type=\"text-editor.default\">\n\t\t\t\t<div class=\"elementor-widget-container\">\n\t\t\t\t\t\t\t\t\t<p data-start=\"294\" data-end=\"448\"><span style=\"color: #ff0000;\"><a style=\"color: #ff0000;\" href=\"https:\/\/gdpr.eu\/cookies\/\" target=\"_blank\" rel=\"noopener\">K\u00fcpsised<\/a><\/span> on v\u00e4ikesed tekstifailid, mis salvestatakse teie seadmesse. Need aitavad meil parandada veebisaidi toimivust ja pakkuda paremat kasutajakogemust.<\/p><p data-start=\"450\" data-end=\"724\">Meie veebisaiti kasutades n\u00f5ustute k\u00fcpsiste kasutamisega vastavalt k\u00e4esolevale privaatsuspoliitikale. K\u00fcpsiste eelistusi ja seadeid saate hallata oma veebibrauseris. Pange t\u00e4hele, et k\u00fcpsiste keelamine v\u00f5ib m\u00f5jutada veebisaidi t\u00f6\u00f6d ja m\u00f5ningate funktsioonide k\u00e4ttesaadavust.<\/p><p data-start=\"726\" data-end=\"887\">Kui soovite saada teavet oma isikuandmete, nende t\u00f6\u00f6tlemise eesm\u00e4rkide v\u00f5i nende osapoolte kohta, kellega andmeid jagatakse, v\u00f5tke \u00fchendust Vastutava t\u00f6\u00f6tlejaga.<\/p>\t\t\t\t\t\t\t\t<\/div>\n\t\t\t\t<\/div>\n\t\t\t\t\t<\/div>\n\t\t\t\t<\/div>\n\t\t<div data-particle_enable=\"false\" data-particle-mobile-disabled=\"false\" class=\"elementor-element elementor-element-4c4ed98 e-flex e-con-boxed e-con e-parent\" data-id=\"4c4ed98\" data-element_type=\"container\" data-e-type=\"container\">\n\t\t\t\t\t<div class=\"e-con-inner\">\n\t\t\t\t<div class=\"elementor-element elementor-element-117f3c4 elementor-widget elementor-widget-text-editor\" data-id=\"117f3c4\" data-element_type=\"widget\" data-e-type=\"widget\" data-widget_type=\"text-editor.default\">\n\t\t\t\t<div class=\"elementor-widget-container\">\n\t\t\t\t\t\t\t\t\t<h2 style=\"text-align: center;\"><span style=\"text-decoration: underline;\"><strong>Vastutav t\u00f6\u00f6tleja<\/strong><\/span><\/h2><div><strong>\u00a0<\/strong><\/div><h3><strong>Kogutavad andmed<\/strong><\/h3><p data-start=\"932\" data-end=\"1012\">Vastutav t\u00f6\u00f6tleja ei esita eraldi k\u00f5igi kogutavate isikuandmete liikide loetelu.<\/p><p data-start=\"1014\" data-end=\"1170\">T\u00e4psem teave iga kogutava isikuandmete liigi kohta on esitatud k\u00e4esoleva privaatsuspoliitika vastavates osades v\u00f5i andmete kogumise eel kuvatud selgitustes.<\/p><p data-start=\"1172\" data-end=\"1311\">Isikuandmeid v\u00f5ib kasutaja esitada vabatahtlikult v\u00f5i, kasutusandmete puhul, kogutakse neid automaatselt selle rakenduse kasutamise k\u00e4igus.<\/p><p data-start=\"1313\" data-end=\"1685\">Kui ei ole m\u00e4rgitud teisiti, on k\u00f5ik selle rakenduse poolt k\u00fcsitavad andmed kohustuslikud. Nende esitamata j\u00e4tmine v\u00f5ib t\u00e4hendada, et rakendus ei saa oma teenuseid t\u00e4ielikult osutada. Kui m\u00f5ne andmev\u00e4lja juures on selgelt m\u00e4rgitud, et selle esitamine ei ole kohustuslik, v\u00f5ib kasutaja j\u00e4tta need andmed esitamata, ilma et see m\u00f5jutaks teenuse k\u00e4ttesaadavust v\u00f5i toimimist.<\/p><p data-start=\"1687\" data-end=\"1803\">Kui kasutajal tekib k\u00fcsimus, millised isikuandmed on kohustuslikud, v\u00f5ib ta alati p\u00f6\u00f6rduda Vastutava t\u00f6\u00f6tleja poole.<\/p><p data-start=\"1805\" data-end=\"2008\">K\u00fcpsiste v\u00f5i muude j\u00e4lgimistehnoloogiate kasutamise eesm\u00e4rk on pakkuda kasutajale soovitud teenust ning t\u00e4ita muid k\u00e4esolevas dokumendis ja vajadusel k\u00fcpsiste kasutamise tingimustes kirjeldatud eesm\u00e4rke.<\/p><p data-start=\"2010\" data-end=\"2199\">Kasutaja vastutab k\u00f5igi kolmandate isikute isikuandmete eest, mida ta selle rakenduse kaudu edastab, avaldab v\u00f5i jagab, ning kinnitab, et tal on nende andmete edastamiseks vajalik n\u00f5usolek.<\/p><h2 style=\"text-align: center;\"><strong>\u00a0<\/strong><\/h2><h2 style=\"text-align: center;\"><span style=\"text-decoration: underline;\"><strong>Andmete t\u00f6\u00f6tlemise viis<\/strong><\/span><\/h2><div><strong>\u00a0<\/strong><\/div><h3 data-section-id=\"z1blzs\" data-start=\"2237\" data-end=\"2256\">T\u00f6\u00f6tlemise viis<\/h3><p data-start=\"2258\" data-end=\"2392\">Vastutav t\u00f6\u00f6tleja rakendab asjakohaseid turvameetmeid, et kaitsta andmeid loata juurdep\u00e4\u00e4su, avaldamise, muutmise v\u00f5i h\u00e4vitamise eest.<\/p><p data-start=\"2394\" data-end=\"2591\">Andmete t\u00f6\u00f6tlemine toimub arvutite ja muude IT-vahendite abil, j\u00e4rgides organisatsioonilisi protseduure ning ainult ulatuses, mis on vajalik k\u00e4esolevas poliitikas kirjeldatud eesm\u00e4rkide t\u00e4itmiseks.<\/p><p data-start=\"2593\" data-end=\"2982\">Lisaks Vastutavale t\u00f6\u00f6tlejale v\u00f5ivad teatud juhtudel andmetele juurde p\u00e4\u00e4seda ka isikud, kes osalevad selle rakenduse toimimises, n\u00e4iteks halduse, m\u00fc\u00fcgi, turunduse, \u00f5iguse v\u00f5i s\u00fcsteemihalduse valdkonnas, samuti vajaduse korral v\u00e4lised teenusepakkujad, nagu tehnilised partnerid, hostinguteenuse pakkujad, IT-ettev\u00f5tted, side- ja kommunikatsioonipartnerid v\u00f5i muud volitatud andmet\u00f6\u00f6tlejad.<\/p><p data-start=\"2984\" data-end=\"3069\">Nende osapoolte ajakohastatud nimekirja saab Vastutavalt t\u00f6\u00f6tlejalt igal ajal k\u00fcsida.<\/p><h3 data-section-id=\"ik3ttx\" data-start=\"3071\" data-end=\"3099\">T\u00f6\u00f6tlemise \u00f5iguslik alus<\/h3><p data-start=\"3101\" data-end=\"3207\">Vastutav t\u00f6\u00f6tleja v\u00f5ib kasutaja isikuandmeid t\u00f6\u00f6delda juhul, kui kehtib v\u00e4hemalt \u00fcks j\u00e4rgmistest alustest:<\/p><ul data-start=\"3209\" data-end=\"3686\"><li data-section-id=\"157jim1\" data-start=\"3209\" data-end=\"3280\"><p data-start=\"3211\" data-end=\"3280\">kasutaja on andnud n\u00f5usoleku \u00fche v\u00f5i mitme konkreetse eesm\u00e4rgi jaoks;<\/p><\/li><li data-section-id=\"8n27ao\" data-start=\"3281\" data-end=\"3408\"><p data-start=\"3283\" data-end=\"3408\">andmete t\u00f6\u00f6tlemine on vajalik kasutajaga s\u00f5lmitud lepingu t\u00e4itmiseks v\u00f5i lepingu s\u00f5lmimisele eelnevate toimingute tegemiseks;<\/p><\/li><li data-section-id=\"dqetj3\" data-start=\"3409\" data-end=\"3473\"><p data-start=\"3411\" data-end=\"3473\">t\u00f6\u00f6tlemine on vajalik seadusest tuleneva kohustuse t\u00e4itmiseks;<\/p><\/li><li data-section-id=\"5v2gvi\" data-start=\"3474\" data-end=\"3601\"><p data-start=\"3476\" data-end=\"3601\">t\u00f6\u00f6tlemine on vajalik avalikes huvides oleva \u00fclesande t\u00e4itmiseks v\u00f5i Vastutavale t\u00f6\u00f6tlejale antud avaliku v\u00f5imu teostamiseks;<\/p><\/li><li data-section-id=\"7wdc11\" data-start=\"3602\" data-end=\"3686\"><p data-start=\"3604\" data-end=\"3686\">t\u00f6\u00f6tlemine on vajalik Vastutava t\u00f6\u00f6tleja v\u00f5i kolmanda isiku \u00f5igustatud huvi t\u00f5ttu.<\/p><\/li><\/ul><p data-start=\"3688\" data-end=\"3907\">Vajadusel annab Vastutav t\u00f6\u00f6tleja t\u00e4iendavat selgitust selle kohta, millisel \u00f5iguslikul alusel konkreetseid andmeid t\u00f6\u00f6deldakse ning kas andmete esitamine tuleneb seadusest, lepingust v\u00f5i on vajalik lepingu s\u00f5lmimiseks.<\/p><h3 data-section-id=\"z1luit\" data-start=\"3909\" data-end=\"3928\">T\u00f6\u00f6tlemise koht<\/h3><p data-start=\"3930\" data-end=\"4051\">Andmeid t\u00f6\u00f6deldakse Vastutava t\u00f6\u00f6tleja tegevuskohas ning muudes asukohtades, kus asuvad andmet\u00f6\u00f6tlusega seotud osapooled.<\/p><p data-start=\"4053\" data-end=\"4250\">S\u00f5ltuvalt kasutaja asukohast v\u00f5ib andmete t\u00f6\u00f6tlemine h\u00f5lmata ka andmete edastamist teise riiki. T\u00e4psemat teavet selliste andmete t\u00f6\u00f6tlemise koha kohta leiab k\u00e4esoleva dokumendi vastavatest osadest.<\/p><p data-start=\"4252\" data-end=\"4482\">Kasutajal on \u00f5igus saada teavet ka selle kohta, millisel \u00f5iguslikul alusel andmeid edastatakse v\u00e4ljapoole Euroopa Liitu v\u00f5i rahvusvahelistele organisatsioonidele, ning milliseid turvameetmeid kasutatakse nende andmete kaitsmiseks.<\/p><p data-start=\"4484\" data-end=\"4642\">Kui selline andmeedastus toimub, on selle kohta v\u00f5imalik lisateavet saada k\u00e4esoleva dokumendi vastavatest osadest v\u00f5i p\u00f6\u00f6rdudes otse Vastutava t\u00f6\u00f6tleja poole.<\/p><h2 data-section-id=\"v5vszs\" data-start=\"4644\" data-end=\"4670\">Andmete s\u00e4ilitamise aeg<\/h2><p data-start=\"4672\" data-end=\"4775\">Isikuandmeid s\u00e4ilitatakse ainult nii kaua, kui see on vajalik eesm\u00e4rgi t\u00e4itmiseks, milleks need koguti.<\/p><p data-start=\"4777\" data-end=\"4794\">See t\u00e4hendab, et:<\/p><ul data-start=\"4796\" data-end=\"5031\"><li data-section-id=\"wtdxx2\" data-start=\"4796\" data-end=\"4892\"><p data-start=\"4798\" data-end=\"4892\">lepingu t\u00e4itmise eesm\u00e4rgil kogutud isikuandmeid s\u00e4ilitatakse kuni lepingu t\u00e4ieliku t\u00e4itmiseni;<\/p><\/li><li data-section-id=\"mi2vz0\" data-start=\"4893\" data-end=\"5031\"><p data-start=\"4895\" data-end=\"5031\">Vastutava t\u00f6\u00f6tleja \u00f5igustatud huvi alusel kogutud isikuandmeid s\u00e4ilitatakse nii kaua, kui see on vajalik vastava eesm\u00e4rgi saavutamiseks.<\/p><\/li><\/ul><p data-start=\"5033\" data-end=\"5185\">Kui kasutaja on andnud n\u00f5usoleku andmete t\u00f6\u00f6tlemiseks, v\u00f5ib Vastutav t\u00f6\u00f6tleja s\u00e4ilitada andmeid seni, kuni n\u00f5usolek kehtib v\u00f5i kuni see tagasi v\u00f5etakse.<\/p><p data-start=\"5187\" data-end=\"5354\">Samuti v\u00f5ib Vastutav t\u00f6\u00f6tleja olla kohustatud s\u00e4ilitama andmeid pikema aja jooksul, kui see on vajalik seadusest tuleneva kohustuse t\u00e4itmiseks v\u00f5i ametiasutuse n\u00f5udel.<\/p><p data-start=\"5356\" data-end=\"5530\">P\u00e4rast s\u00e4ilitamisperioodi l\u00f5ppu isikuandmed kustutatakse. P\u00e4rast seda ei pruugi enam olla v\u00f5imalik kasutada \u00f5igust andmetega tutvuda, neid parandada, kustutada v\u00f5i \u00fcle kanda.<\/p><h2 data-section-id=\"15yof8r\" data-start=\"5532\" data-end=\"5551\">Kasutaja \u00f5igused<\/h2><p data-start=\"5553\" data-end=\"5633\">Kasutajal on \u00f5igus oma isikuandmete t\u00f6\u00f6tlemisega seoses kasutada mitmeid \u00f5igusi.<\/p><p data-start=\"5635\" data-end=\"5654\">Kasutajal on \u00f5igus:<\/p><ul data-start=\"5656\" data-end=\"6191\"><li data-section-id=\"1wyatv2\" data-start=\"5656\" data-end=\"5694\"><p data-start=\"5658\" data-end=\"5694\">v\u00f5tta oma n\u00f5usolek igal ajal tagasi;<\/p><\/li><li data-section-id=\"1qbfruy\" data-start=\"5695\" data-end=\"5780\"><p data-start=\"5697\" data-end=\"5780\">esitada vastuv\u00e4iteid oma andmete t\u00f6\u00f6tlemisele, kui t\u00f6\u00f6tlemine ei p\u00f5hine n\u00f5usolekul;<\/p><\/li><li data-section-id=\"qw7ol2\" data-start=\"5781\" data-end=\"5855\"><p data-start=\"5783\" data-end=\"5855\">saada teada, kas tema andmeid t\u00f6\u00f6deldakse, ning tutvuda nende andmetega;<\/p><\/li><li data-section-id=\"qtpi4p\" data-start=\"5856\" data-end=\"5908\"><p data-start=\"5858\" data-end=\"5908\">n\u00f5uda eba\u00f5igete v\u00f5i puudulike andmete parandamist;<\/p><\/li><li data-section-id=\"kfzs0r\" data-start=\"5909\" data-end=\"5953\"><p data-start=\"5911\" data-end=\"5953\">taotleda oma andmete t\u00f6\u00f6tlemise piiramist;<\/p><\/li><li data-section-id=\"1f8eygn\" data-start=\"5954\" data-end=\"5994\"><p data-start=\"5956\" data-end=\"5994\">taotleda oma isikuandmete kustutamist;<\/p><\/li><li data-section-id=\"75afq9\" data-start=\"5995\" data-end=\"6143\"><p data-start=\"5997\" data-end=\"6143\">saada oma andmed struktureeritud, \u00fcldkasutatavas ja masinloetavas vormis ning v\u00f5imaluse korral lasta need edastada teisele vastutavale t\u00f6\u00f6tlejale;<\/p><\/li><li data-section-id=\"1u6x2xe\" data-start=\"6144\" data-end=\"6191\"><p data-start=\"6146\" data-end=\"6191\">esitada kaebus p\u00e4devale andmekaitseasutusele.<\/p><\/li><\/ul><h2 data-section-id=\"16teo2d\" data-start=\"6193\" data-end=\"6222\">\u00d5igus esitada vastuv\u00e4iteid<\/h2><p data-start=\"6224\" data-end=\"6447\">Kui isikuandmeid t\u00f6\u00f6deldakse avalikes huvides, ametiv\u00f5imu teostamiseks v\u00f5i Vastutava t\u00f6\u00f6tleja \u00f5igustatud huvi alusel, on kasutajal \u00f5igus esitada sellisele t\u00f6\u00f6tlemisele vastuv\u00e4ide, kui tema konkreetne olukord seda p\u00f5hjendab.<\/p><p data-start=\"6449\" data-end=\"6597\">Kui isikuandmeid kasutatakse otseturunduse eesm\u00e4rgil, v\u00f5ib kasutaja sellisele t\u00f6\u00f6tlemisele igal ajal vastu vaielda ilma eraldi p\u00f5hjendust esitamata.<\/p><h2 data-section-id=\"14dbblb\" data-start=\"6599\" data-end=\"6628\">Kuidas oma \u00f5igusi kasutada<\/h2><p data-start=\"6630\" data-end=\"6774\">K\u00f5ik taotlused, mis puudutavad kasutaja \u00f5iguste kasutamist, v\u00f5ib saata Vastutavale t\u00f6\u00f6tlejale k\u00e4esolevas dokumendis toodud kontaktandmete kaudu.<\/p><p data-start=\"6776\" data-end=\"6894\">Taotluste esitamine on tasuta ning Vastutav t\u00f6\u00f6tleja vastab neile esimesel v\u00f5imalusel, kuid hiljemalt \u00fche kuu jooksul.<\/p><p data-start=\"6776\" data-end=\"6894\">\u00a0<\/p><h2 style=\"text-align: center;\"><strong><u>T\u00e4iendav teave andmete kogumise ja t\u00f6\u00f6tlemise kohta<\/u><\/strong><\/h2><div><strong>\u00a0<\/strong><\/div><h3 data-section-id=\"87xxjo\" data-start=\"6952\" data-end=\"6971\">\u00d5iguslik kaitse<\/h3><p data-start=\"6973\" data-end=\"7186\">Kasutaja isikuandmeid v\u00f5idakse kasutada \u00f5iguslikel eesm\u00e4rkidel, sealhulgas kohtumenetluses v\u00f5i kohtumenetlusele eelnevates etappides, kui see on vajalik seoses selle rakenduse v\u00f5i seotud teenuste v\u00e4\u00e4rkasutamisega.<\/p><p data-start=\"7188\" data-end=\"7306\">Kasutaja on teadlik, et Vastutav t\u00f6\u00f6tleja v\u00f5ib olla kohustatud avaldama isikuandmeid p\u00e4devate ametiasutuste n\u00f5udmisel.<\/p><h3 data-section-id=\"610oxg\" data-start=\"7308\" data-end=\"7340\">Lisateave isikuandmete kohta<\/h3><p data-start=\"7342\" data-end=\"7536\">Lisaks k\u00e4esolevas privaatsuspoliitikas toodud teabele v\u00f5ib see rakendus anda kasutajale taotluse korral t\u00e4iendavat ja konkreetse teenusega seotud infot isikuandmete kogumise ja t\u00f6\u00f6tlemise kohta.<\/p><h3 data-section-id=\"xelaha\" data-start=\"7538\" data-end=\"7566\">S\u00fcsteemilogid ja hooldus<\/h3><p data-start=\"7568\" data-end=\"7803\">Veebisaidi t\u00f6\u00f6 ja hoolduse eesm\u00e4rgil v\u00f5ivad see rakendus ja kolmandate osapoolte teenused koguda s\u00fcsteemiloge ehk faile, mis salvestavad kasutaja tegevusi rakenduses. Selleks v\u00f5idakse kasutada ka muid isikuandmeid, n\u00e4iteks IP-aadressi.<\/p><h3 data-section-id=\"e0wlgo\" data-start=\"7805\" data-end=\"7850\">Teave, mida k\u00e4esolev poliitika ei sisalda<\/h3><p data-start=\"7852\" data-end=\"8025\">Kui soovite rohkem teavet isikuandmete kogumise v\u00f5i t\u00f6\u00f6tlemise kohta, v\u00f5ite igal ajal p\u00f6\u00f6rduda Vastutava t\u00f6\u00f6tleja poole. Kontaktandmed on toodud k\u00e4esoleva dokumendi alguses.<\/p><h3 data-section-id=\"fbibn\" data-start=\"8027\" data-end=\"8054\">\u201eDo Not Track\u201d p\u00e4ringud<\/h3><p data-start=\"8056\" data-end=\"8103\">See rakendus ei toeta \u201eDo Not Track\u201d p\u00e4ringuid.<\/p><p data-start=\"8105\" data-end=\"8235\">Kui soovite teada, kas kolmandate osapoolte teenused selliseid p\u00e4ringuid arvestavad, palume tutvuda nende privaatsuspoliitikatega.<\/p><h2 data-section-id=\"15vs2qd\" data-start=\"8237\" data-end=\"8271\">Muudatused privaatsuspoliitikas<\/h2><p data-start=\"8273\" data-end=\"8551\">Vastutav t\u00f6\u00f6tleja j\u00e4tab endale \u00f5iguse teha k\u00e4esolevas privaatsuspoliitikas muudatusi igal ajal. Muudatustest teavitatakse kasutajaid sellel lehel ning vajaduse korral ka rakenduse kaudu v\u00f5i muude olemasolevate kontaktandmete abil, kui see on tehniliselt ja \u00f5iguslikult v\u00f5imalik.<\/p><p data-start=\"8553\" data-end=\"8662\">Soovitame seda lehte aeg-ajalt \u00fcle vaadata ja kontrollida selle allosas m\u00e4rgitud viimase uuendamise kuup\u00e4eva.<\/p><p data-start=\"8664\" data-end=\"8805\">Kui muudatused puudutavad t\u00f6\u00f6tlemist, mis toimub kasutaja n\u00f5usoleku alusel, k\u00fcsib Vastutav t\u00f6\u00f6tleja vajaduse korral kasutajalt uue n\u00f5usoleku.<\/p><p data-start=\"8807\" data-end=\"8977\">Kui teil on k\u00fcsimusi meie GDPR-i valmisoleku v\u00f5i andmekaitse kohta, palume saata e-kiri aadressile <span style=\"color: #ff0000;\"><strong data-start=\"8906\" data-end=\"8922\"><a class=\"decorated-link cursor-pointer\" style=\"color: #ff0000;\" href=\"mailto:gdpr@bmlg.eu\" rel=\"noopener\" data-start=\"8908\" data-end=\"8920\">gdpr@bmlg.eu<\/a><\/strong><\/span>, m\u00e4rkides teemareale <strong data-start=\"8944\" data-end=\"8954\">\u201eGDPR\u201d<\/strong> v\u00f5i <strong data-start=\"8959\" data-end=\"8976\">\u201eANDMEKAITSE\u201d<\/strong>.<\/p>\t\t\t\t\t\t\t\t<\/div>\n\t\t\t\t<\/div>\n\t\t\t\t\t<\/div>\n\t\t\t\t<\/div>\n\t\t<div data-particle_enable=\"false\" data-particle-mobile-disabled=\"false\" class=\"elementor-element elementor-element-12b395af e-con-full e-flex e-con e-parent\" data-id=\"12b395af\" data-element_type=\"container\" data-e-type=\"container\" data-settings=\"{&quot;background_background&quot;:&quot;classic&quot;}\">\n\t\t\t\t<div class=\"elementor-element elementor-element-3a7f46aa elementor-widget elementor-widget-gallery\" data-id=\"3a7f46aa\" data-element_type=\"widget\" data-e-type=\"widget\" data-settings=\"{&quot;gallery_layout&quot;:&quot;masonry&quot;,&quot;gap&quot;:{&quot;unit&quot;:&quot;px&quot;,&quot;size&quot;:4,&quot;sizes&quot;:[]},&quot;columns&quot;:3,&quot;lazyload&quot;:&quot;yes&quot;,&quot;columns_tablet&quot;:2,&quot;columns_mobile&quot;:1,&quot;gap_tablet&quot;:{&quot;unit&quot;:&quot;px&quot;,&quot;size&quot;:10,&quot;sizes&quot;:[]},&quot;gap_mobile&quot;:{&quot;unit&quot;:&quot;px&quot;,&quot;size&quot;:10,&quot;sizes&quot;:[]},&quot;link_to&quot;:&quot;file&quot;,&quot;overlay_background&quot;:&quot;yes&quot;,&quot;content_hover_animation&quot;:&quot;fade-in&quot;}\" data-widget_type=\"gallery.default\">\n\t\t\t\t<div class=\"elementor-widget-container\">\n\t\t\t\t\t\t\t<div class=\"elementor-gallery__container\">\r\n\t\t\t\t\t\t\t<a class=\"e-gallery-item elementor-gallery-item elementor-animated-content\" href=\"https:\/\/autolink.ee\/wp-content\/uploads\/2025\/09\/Autolink_Paldiski_car_hauler_kassbohrer_7.webp\" data-elementor-open-lightbox=\"yes\" data-elementor-lightbox-slideshow=\"3a7f46aa\" data-elementor-lightbox-title=\"Autolink_Paldiski_car_hauler_kassbohrer_7\" data-e-action-hash=\"#elementor-action%3Aaction%3Dlightbox%26settings%3DeyJpZCI6MjI5MSwidXJsIjoiaHR0cHM6XC9cL2F1dG9saW5rLmVlXC93cC1jb250ZW50XC91cGxvYWRzXC8yMDI1XC8wOVwvQXV0b2xpbmtfUGFsZGlza2lfY2FyX2hhdWxlcl9rYXNzYm9ocmVyXzcud2VicCIsInNsaWRlc2hvdyI6IjNhN2Y0NmFhIn0%3D\">\r\n\t\t\t\t\t<div class=\"e-gallery-image elementor-gallery-item__image\" data-thumbnail=\"https:\/\/autolink.ee\/wp-content\/uploads\/2025\/09\/Autolink_Paldiski_car_hauler_kassbohrer_7-500x375.webp\" data-width=\"500\" data-height=\"375\" aria-label=\"\" role=\"img\" ><\/div>\r\n\t\t\t\t\t\t\t\t\t\t\t<div class=\"elementor-gallery-item__overlay\"><\/div>\r\n\t\t\t\t\t\t\t\t\t\t\t\t\t\t<\/a>\r\n\t\t\t\t\t\t\t<a class=\"e-gallery-item elementor-gallery-item elementor-animated-content\" href=\"https:\/\/autolink.ee\/wp-content\/uploads\/2025\/09\/Autolink_Paldiski_car_hauler_kassbohrer_6.webp\" data-elementor-open-lightbox=\"yes\" data-elementor-lightbox-slideshow=\"3a7f46aa\" data-elementor-lightbox-title=\"Autolink_Paldiski_car_hauler_kassbohrer_6\" data-e-action-hash=\"#elementor-action%3Aaction%3Dlightbox%26settings%3DeyJpZCI6MjI4OSwidXJsIjoiaHR0cHM6XC9cL2F1dG9saW5rLmVlXC93cC1jb250ZW50XC91cGxvYWRzXC8yMDI1XC8wOVwvQXV0b2xpbmtfUGFsZGlza2lfY2FyX2hhdWxlcl9rYXNzYm9ocmVyXzYud2VicCIsInNsaWRlc2hvdyI6IjNhN2Y0NmFhIn0%3D\">\r\n\t\t\t\t\t<div class=\"e-gallery-image elementor-gallery-item__image\" data-thumbnail=\"https:\/\/autolink.ee\/wp-content\/uploads\/2025\/09\/Autolink_Paldiski_car_hauler_kassbohrer_6-500x375.webp\" data-width=\"500\" data-height=\"375\" aria-label=\"\" role=\"img\" ><\/div>\r\n\t\t\t\t\t\t\t\t\t\t\t<div class=\"elementor-gallery-item__overlay\"><\/div>\r\n\t\t\t\t\t\t\t\t\t\t\t\t\t\t<\/a>\r\n\t\t\t\t\t\t\t<a class=\"e-gallery-item elementor-gallery-item elementor-animated-content\" href=\"https:\/\/autolink.ee\/wp-content\/uploads\/2025\/09\/Autolink_Paldiski_by_Argo_Viikvald_03092025-001.jpg\" data-elementor-open-lightbox=\"yes\" data-elementor-lightbox-slideshow=\"3a7f46aa\" data-elementor-lightbox-title=\"Autolink_Paldiski_by_Argo_Viikvald_03092025-001\" data-e-action-hash=\"#elementor-action%3Aaction%3Dlightbox%26settings%3DeyJpZCI6MjQyNSwidXJsIjoiaHR0cHM6XC9cL2F1dG9saW5rLmVlXC93cC1jb250ZW50XC91cGxvYWRzXC8yMDI1XC8wOVwvQXV0b2xpbmtfUGFsZGlza2lfYnlfQXJnb19WaWlrdmFsZF8wMzA5MjAyNS0wMDEuanBnIiwic2xpZGVzaG93IjoiM2E3ZjQ2YWEifQ%3D%3D\">\r\n\t\t\t\t\t<div class=\"e-gallery-image elementor-gallery-item__image\" data-thumbnail=\"https:\/\/autolink.ee\/wp-content\/uploads\/2025\/09\/Autolink_Paldiski_by_Argo_Viikvald_03092025-001-500x375.jpg\" data-width=\"500\" data-height=\"375\" aria-label=\"\" role=\"img\" ><\/div>\r\n\t\t\t\t\t\t\t\t\t\t\t<div class=\"elementor-gallery-item__overlay\"><\/div>\r\n\t\t\t\t\t\t\t\t\t\t\t\t\t\t<\/a>\r\n\t\t\t\t\t<\/div>\r\n\t\t\t\t\t<\/div>\n\t\t\t\t<\/div>\n\t\t\t\t<\/div>\n\t\t\t\t<\/div>\n\t\t","protected":false},"excerpt":{"rendered":"<p>Privaatsuspoliitika Kasutame k\u00fcpsiseid, et muuta meie veebisaidi kasutamine mugavamaks ja sujuvamaks. K\u00fcpsised on v\u00e4ikesed tekstifailid, mis salvestatakse teie seadmesse. Need aitavad meil parandada veebisaidi toimivust ja<span class=\"excerpt-hellip\"> [\u2026]<\/span><\/p>\n","protected":false},"author":1,"featured_media":0,"parent":0,"menu_order":0,"comment_status":"closed","ping_status":"closed","template":"elementor_header_footer","meta":{"footnotes":""},"class_list":["post-2891","page","type-page","status-publish","hentry"],"_links":{"self":[{"href":"https:\/\/autolink.ee\/et\/wp-json\/wp\/v2\/pages\/2891","targetHints":{"allow":["GET"]}}],"collection":[{"href":"https:\/\/autolink.ee\/et\/wp-json\/wp\/v2\/pages"}],"about":[{"href":"https:\/\/autolink.ee\/et\/wp-json\/wp\/v2\/types\/page"}],"author":[{"embeddable":true,"href":"https:\/\/autolink.ee\/et\/wp-json\/wp\/v2\/users\/1"}],"replies":[{"embeddable":true,"href":"https:\/\/autolink.ee\/et\/wp-json\/wp\/v2\/comments?post=2891"}],"version-history":[{"count":8,"href":"https:\/\/autolink.ee\/et\/wp-json\/wp\/v2\/pages\/2891\/revisions"}],"predecessor-version":[{"id":2908,"href":"https:\/\/autolink.ee\/et\/wp-json\/wp\/v2\/pages\/2891\/revisions\/2908"}],"wp:attachment":[{"href":"https:\/\/autolink.ee\/et\/wp-json\/wp\/v2\/media?parent=2891"}],"curies":[{"name":"wp","href":"https:\/\/api.w.org\/{rel}","templated":true}]}}